{"id":1308,"date":"2023-11-23T16:00:23","date_gmt":"2023-11-23T15:00:23","guid":{"rendered":"https:\/\/rehabilitation.lu\/protection-des-donnees\/"},"modified":"2024-04-29T11:14:10","modified_gmt":"2024-04-29T09:14:10","slug":"protection-des-donnees","status":"publish","type":"page","link":"https:\/\/rehabilitation.lu\/de\/protection-des-donnees\/","title":{"rendered":"Datenschutzbestimmungen"},"content":{"rendered":"&nbsp;\r\n<h1><strong>Politique de confidentialit\u00e9<\/strong><\/h1>\r\n<h2>Vos donn\u00e9es personnelles nous tiennent \u00e0 c\u0153ur<\/h2>\r\nVous pouvez consulter ici nos notices d\u2019information en mati\u00e8re de protection des donn\u00e9es \u00e0 caract\u00e8re personnel :\r\n<h3>G\u00e9n\u00e9ral<\/h3>\r\n<a href=\"https:\/\/rehabilitation.lu\/wp-content\/uploads\/2021\/04\/20190918_Politique-Generale-de-Protection-des-Donnees-validee-au-CA.pdf\">Politique g\u00e9n\u00e9rale de protection des donn\u00e9es \u00e0 caract\u00e8re personnel<\/a>\r\n\r\n<a href=\"https:\/\/rehabilitation.lu\/de\/impressum\/notice-dinformation-relative-a-la-videosurveillance-realisee-au-crcc-2\/\" rel=\"attachment wp-att-1081\">Notice d&#8217;information relative \u00e0 la Vid\u00e9osurveillance r\u00e9alis\u00e9e au CRCC<\/a>\r\n\r\n<a href=\"https:\/\/rehabilitation.lu\/de\/impressum\/notice-gdpr-relative-au-traitement-des-feedback-31-01-2022-2\/\" rel=\"attachment wp-att-1084\">Notice GDPR relative au traitement des Feedback 31.01.2022<\/a>\r\n<a href=\"https:\/\/rehabilitation.lu\/wp-content\/uploads\/2023\/10\/27.07.20_Notice-GDPR-employes-FEM_V0.6.pdf\">27.07.20_Notice GDPR employ\u00e9s FEM_V0.6<\/a>\r\n<h3>Patients<\/h3>\r\n<a href=\"https:\/\/rehabilitation.lu\/wp-content\/uploads\/2023\/10\/Formulaire-de-demande-dacces-au-dossier-medical_VF.pdf\">Formulaire de demande d&#8217;acc\u00e8s au dossier m\u00e9dical_VF<\/a>\r\n<a href=\"https:\/\/rehabilitation.lu\/wp-content\/uploads\/2023\/10\/Formulaire-general-de-demande-dexercice-des-droits_VF.pdf\">Formulaire g\u00e9n\u00e9ral de demande d&#8217;exercice des droits_VF<\/a>\r\n<a href=\"https:\/\/rehabilitation.lu\/de\/impressum\/notice-dinformation-des-patients-31-01-2022-2\/\" rel=\"attachment wp-att-1086\">Notice d&#8217;information des patients 31.01.2022<\/a>\r\n\r\nPour toute question ou pour l\u2019exercice de vos droits, vous pouvez contacter la direction de l\u2019\u00e9tablissement ou le d\u00e9l\u00e9gu\u00e9 \u00e0 la protection des donn\u00e9es de la Fondation Emile Mayrisch \u2013 Croix-Rouge a.s.b.l.\r\n\r\nPar courriel :\u00a0<a href=\"mailto:dpo.rehabilitation@croix-rouge.lu\">dpo.rehabilitation@croix-rouge.lu<\/a>\r\n\r\nPar courrier :\r\n\r\n<strong>Fondation Emile Mayrisch \u2013 Croix-Rouge a.s.b.l.<\/strong>\r\nProtection des donn\u00e9es\r\nBP 404 &#8211; L-2014 Luxembourg","protected":false},"excerpt":{"rendered":"<p>&nbsp; Politique de confidentialit\u00e9 Vos donn\u00e9es personnelles nous tiennent \u00e0 c\u0153ur Vous pouvez consulter ici nos notices d\u2019information en mati\u00e8re de protection des donn\u00e9es \u00e0 caract\u00e8re personnel : G\u00e9n\u00e9ral Politique g\u00e9n\u00e9rale de protection des donn\u00e9es \u00e0 caract\u00e8re personnel Notice d&#8217;information relative \u00e0 la Vid\u00e9osurveillance r\u00e9alis\u00e9e au CRCC Notice GDPR relative au traitement des Feedback 31.01.2022 [&hellip;]<\/p>\n","protected":false},"author":5,"featured_media":0,"parent":0,"menu_order":0,"comment_status":"closed","ping_status":"closed","template":"template-mentions-legales.php","meta":{"_acf_changed":false,"footnotes":""},"class_list":["post-1308","page","type-page","status-publish","hentry"],"acf":[],"yoast_head":"<!-- This site is optimized with the Yoast SEO plugin v27.4 - https:\/\/yoast.com\/product\/yoast-seo-wordpress\/ -->\n<title>Datenschutzbestimmungen - Centre de R\u00e9habilitation physique et post-oncologique - Luxembourg<\/title>\n<meta name=\"robots\" content=\"index, follow, max-snippet:-1, max-image-preview:large, max-video-preview:-1\" \/>\n<link rel=\"canonical\" href=\"https:\/\/rehabilitation.lu\/de\/protection-des-donnees\/\" \/>\n<meta property=\"og:locale\" content=\"de_DE\" \/>\n<meta property=\"og:type\" content=\"article\" \/>\n<meta property=\"og:title\" content=\"Datenschutzbestimmungen - Centre de R\u00e9habilitation physique et post-oncologique - Luxembourg\" \/>\n<meta property=\"og:description\" content=\"&nbsp; Politique de confidentialit\u00e9 Vos donn\u00e9es personnelles nous tiennent \u00e0 c\u0153ur Vous pouvez consulter ici nos notices d\u2019information en mati\u00e8re de protection des donn\u00e9es \u00e0 caract\u00e8re personnel : G\u00e9n\u00e9ral Politique g\u00e9n\u00e9rale de protection des donn\u00e9es \u00e0 caract\u00e8re personnel Notice d&#8217;information relative \u00e0 la Vid\u00e9osurveillance r\u00e9alis\u00e9e au CRCC Notice GDPR relative au traitement des Feedback 31.01.2022 [&hellip;]\" \/>\n<meta property=\"og:url\" content=\"https:\/\/rehabilitation.lu\/de\/protection-des-donnees\/\" \/>\n<meta property=\"og:site_name\" content=\"Centre de R\u00e9habilitation physique et post-oncologique - Luxembourg\" \/>\n<meta property=\"article:modified_time\" content=\"2024-04-29T09:14:10+00:00\" \/>\n<meta name=\"twitter:card\" content=\"summary_large_image\" \/>\n<meta name=\"twitter:label1\" content=\"Gesch\u00e4tzte Lesezeit\" \/>\n\t<meta name=\"twitter:data1\" content=\"1\u00a0Minute\" \/>\n<script type=\"application\/ld+json\" class=\"yoast-schema-graph\">{\"@context\":\"https:\\\/\\\/schema.org\",\"@graph\":[{\"@type\":\"WebPage\",\"@id\":\"https:\\\/\\\/rehabilitation.lu\\\/de\\\/protection-des-donnees\\\/\",\"url\":\"https:\\\/\\\/rehabilitation.lu\\\/de\\\/protection-des-donnees\\\/\",\"name\":\"Datenschutzbestimmungen - Centre de R\u00e9habilitation physique et post-oncologique - Luxembourg\",\"isPartOf\":{\"@id\":\"https:\\\/\\\/rehabilitation.lu\\\/de\\\/#website\"},\"datePublished\":\"2023-11-23T15:00:23+00:00\",\"dateModified\":\"2024-04-29T09:14:10+00:00\",\"breadcrumb\":{\"@id\":\"https:\\\/\\\/rehabilitation.lu\\\/de\\\/protection-des-donnees\\\/#breadcrumb\"},\"inLanguage\":\"de\",\"potentialAction\":[{\"@type\":\"ReadAction\",\"target\":[\"https:\\\/\\\/rehabilitation.lu\\\/de\\\/protection-des-donnees\\\/\"]}]},{\"@type\":\"BreadcrumbList\",\"@id\":\"https:\\\/\\\/rehabilitation.lu\\\/de\\\/protection-des-donnees\\\/#breadcrumb\",\"itemListElement\":[{\"@type\":\"ListItem\",\"position\":1,\"name\":\"Accueil\",\"item\":\"https:\\\/\\\/rehabilitation.lu\\\/de\\\/\"},{\"@type\":\"ListItem\",\"position\":2,\"name\":\"Datenschutzbestimmungen\"}]},{\"@type\":\"WebSite\",\"@id\":\"https:\\\/\\\/rehabilitation.lu\\\/de\\\/#website\",\"url\":\"https:\\\/\\\/rehabilitation.lu\\\/de\\\/\",\"name\":\"Centre de R\u00e9habilitation physique et post-oncologique - Luxembourg\",\"description\":\"Un site utilisant WordPress\",\"potentialAction\":[{\"@type\":\"SearchAction\",\"target\":{\"@type\":\"EntryPoint\",\"urlTemplate\":\"https:\\\/\\\/rehabilitation.lu\\\/de\\\/?s={search_term_string}\"},\"query-input\":{\"@type\":\"PropertyValueSpecification\",\"valueRequired\":true,\"valueName\":\"search_term_string\"}}],\"inLanguage\":\"de\"}]}<\/script>\n<!-- \/ Yoast SEO plugin. -->","yoast_head_json":{"title":"Datenschutzbestimmungen - Centre de R\u00e9habilitation physique et post-oncologique - Luxembourg","robots":{"index":"index","follow":"follow","max-snippet":"max-snippet:-1","max-image-preview":"max-image-preview:large","max-video-preview":"max-video-preview:-1"},"canonical":"https:\/\/rehabilitation.lu\/de\/protection-des-donnees\/","og_locale":"de_DE","og_type":"article","og_title":"Datenschutzbestimmungen - Centre de R\u00e9habilitation physique et post-oncologique - Luxembourg","og_description":"&nbsp; Politique de confidentialit\u00e9 Vos donn\u00e9es personnelles nous tiennent \u00e0 c\u0153ur Vous pouvez consulter ici nos notices d\u2019information en mati\u00e8re de protection des donn\u00e9es \u00e0 caract\u00e8re personnel : G\u00e9n\u00e9ral Politique g\u00e9n\u00e9rale de protection des donn\u00e9es \u00e0 caract\u00e8re personnel Notice d&#8217;information relative \u00e0 la Vid\u00e9osurveillance r\u00e9alis\u00e9e au CRCC Notice GDPR relative au traitement des Feedback 31.01.2022 [&hellip;]","og_url":"https:\/\/rehabilitation.lu\/de\/protection-des-donnees\/","og_site_name":"Centre de R\u00e9habilitation physique et post-oncologique - Luxembourg","article_modified_time":"2024-04-29T09:14:10+00:00","twitter_card":"summary_large_image","twitter_misc":{"Gesch\u00e4tzte Lesezeit":"1\u00a0Minute"},"schema":{"@context":"https:\/\/schema.org","@graph":[{"@type":"WebPage","@id":"https:\/\/rehabilitation.lu\/de\/protection-des-donnees\/","url":"https:\/\/rehabilitation.lu\/de\/protection-des-donnees\/","name":"Datenschutzbestimmungen - Centre de R\u00e9habilitation physique et post-oncologique - Luxembourg","isPartOf":{"@id":"https:\/\/rehabilitation.lu\/de\/#website"},"datePublished":"2023-11-23T15:00:23+00:00","dateModified":"2024-04-29T09:14:10+00:00","breadcrumb":{"@id":"https:\/\/rehabilitation.lu\/de\/protection-des-donnees\/#breadcrumb"},"inLanguage":"de","potentialAction":[{"@type":"ReadAction","target":["https:\/\/rehabilitation.lu\/de\/protection-des-donnees\/"]}]},{"@type":"BreadcrumbList","@id":"https:\/\/rehabilitation.lu\/de\/protection-des-donnees\/#breadcrumb","itemListElement":[{"@type":"ListItem","position":1,"name":"Accueil","item":"https:\/\/rehabilitation.lu\/de\/"},{"@type":"ListItem","position":2,"name":"Datenschutzbestimmungen"}]},{"@type":"WebSite","@id":"https:\/\/rehabilitation.lu\/de\/#website","url":"https:\/\/rehabilitation.lu\/de\/","name":"Centre de R\u00e9habilitation physique et post-oncologique - Luxembourg","description":"Un site utilisant WordPress","potentialAction":[{"@type":"SearchAction","target":{"@type":"EntryPoint","urlTemplate":"https:\/\/rehabilitation.lu\/de\/?s={search_term_string}"},"query-input":{"@type":"PropertyValueSpecification","valueRequired":true,"valueName":"search_term_string"}}],"inLanguage":"de"}]}},"_links":{"self":[{"href":"https:\/\/rehabilitation.lu\/de\/wp-json\/wp\/v2\/pages\/1308","targetHints":{"allow":["GET"]}}],"collection":[{"href":"https:\/\/rehabilitation.lu\/de\/wp-json\/wp\/v2\/pages"}],"about":[{"href":"https:\/\/rehabilitation.lu\/de\/wp-json\/wp\/v2\/types\/page"}],"author":[{"embeddable":true,"href":"https:\/\/rehabilitation.lu\/de\/wp-json\/wp\/v2\/users\/5"}],"replies":[{"embeddable":true,"href":"https:\/\/rehabilitation.lu\/de\/wp-json\/wp\/v2\/comments?post=1308"}],"version-history":[{"count":4,"href":"https:\/\/rehabilitation.lu\/de\/wp-json\/wp\/v2\/pages\/1308\/revisions"}],"predecessor-version":[{"id":1312,"href":"https:\/\/rehabilitation.lu\/de\/wp-json\/wp\/v2\/pages\/1308\/revisions\/1312"}],"wp:attachment":[{"href":"https:\/\/rehabilitation.lu\/de\/wp-json\/wp\/v2\/media?parent=1308"}],"curies":[{"name":"wp","href":"https:\/\/api.w.org\/{rel}","templated":true}]}}