{"id":414,"date":"2020-10-22T15:53:40","date_gmt":"2020-10-22T13:53:40","guid":{"rendered":"http:\/\/rehabilitation.lu\/?page_id=414"},"modified":"2023-07-20T16:32:30","modified_gmt":"2023-07-20T14:32:30","slug":"impressum","status":"publish","type":"page","link":"https:\/\/rehabilitation.lu\/de\/impressum\/","title":{"rendered":"Impressum"},"content":{"rendered":"<h2>Herausgeber, Webhosting, Eigent\u00fcmer<\/h2>\r\nDie Website www.rehabilitation.lu und ihr Inhalt sind Eigentum der Fondation Emile Mayrisch- Croix-Rouge a.s.b.l (nachfolgend\u00a0Fondation Emile Mayrisch genannt), mit Sitz in \u00a01, rue d\u2019Ell &#8211; L-8527 Colpach-Bas, Luxemburg\r\nHerausgeber ist Jean-Philippe Schmit, Direktor des Rehabilitations-Zentrums Schloss Colpach.\r\n\r\nDie Website wurde von der Agentur f\u00fcr Kommunikation VOUS mit Sitz in 68 Rue de Koerich, L-8437 Steinfort, entwickelt, gestaltet und realisiert. Falls Sie auf der Website eine Anomalie feststellen oder auf Probleme treffen, informieren Sie uns bitte per E-Mail an\u00a0crcc@croix-rouge.lu\r\nDie Website wird von Webflow, Inc., 398 11th Street, 2nd Floor, San Francisco, CA 94103, gehostet.\r\n\r\nDurch das Navigieren auf der Website erkennt der Nutzer Folgendes vorbehaltlos an:\r\n\u200d\r\nDie Fondation Emile Mayrisch beh\u00e4lt sich das Recht vor, die Nutzungsbedingungen vorliegender Website jederzeit zu \u00e4ndern. Deshalb r\u00e4t die Fondation Emile Mayrisch allen Nutzern, die jeweils aktuelle Version der Allgemeinen Nutzungsbedingungen der Website zu konsultieren.\r\nBei Reklamationen kann sich der Nutzer an den Herausgeber der Website wenden, und zwar unter folgender Adresse: crcc@croix-rouge.lu\r\n\r\n&nbsp;\r\n<h2>Nutzung der Website<\/h2>\r\nDer Nutzer verpflichtet sich, die Website nach bestem Wissen und Gewissen zu nutzen, die Rechte der Fondation Emile Mayrisch und ihrer Partner zu achten und nicht zu verletzen.\r\n\r\nDer Nutzer verpflichtet sich insbesondere, den guten Ruf der Fondation Emile Mayrisch nicht zu besch\u00e4digen, sie nicht zu diffamieren, zu beleidigen, zu n\u00f6tigen oder zu bedrohen und kein Hilfsmittel, keine Routine oder Software zu verwenden, die das st\u00f6rungsfreie Funktionieren der Website beeintr\u00e4chtigen k\u00f6nnte.\r\n\r\n&nbsp;\r\n<h2>Ziel der Website<\/h2>\r\nDie Website www.rehabilitation.lu hat zum Ziel:\r\n<ul>\r\n \t<li>das Rehabilitations-Zentrum Schloss Colpach darzustellen;<\/li>\r\n \t<li>die Missionen der unten beschriebenen Dienste aufzuzeigen;<\/li>\r\n \t<li>die Kontakt- und Zufahrtsdaten des Rehabilitations-Zentrums Schloss Colpach mitzuteilen.<\/li>\r\n<\/ul>\r\n&nbsp;\r\n<h2>Geistiges Eigentum<\/h2>\r\nDie Website sowie ihr Inhalt sind Eigentum der Fondation Emile Mayrisch, die sie betreibt. Texte, Fotografien, Ver\u00f6ffentlichungen, Dokumente zum Downloaden sowie alle anderen Originaldokumente sind urheberrechtlich gesch\u00fctzt.\r\n\r\nDie Fondation Emile Mayrisch erlaubt als Inhaberin der geistigen Eigentumsrechte \u00a0die Vervielf\u00e4ltigung oder Darstellung der Inhalte. Jede Vervielf\u00e4ltigung, Darstellung, \u00dcbersetzung, Anpassung oder Nennung ist, ob ganz oder in Teilen und unabh\u00e4ngig von der Wahl der oben genannten Verfahren, strengstens verboten, au\u00dfer nach vorheriger und schriftlicher Erlaubnis durch die Fondation Emile Mayrisch.\r\n\r\n\u200d\r\nDie Website ist f\u00fcr Ihren pers\u00f6nlichen Gebrauch bestimmt. Jede Nutzung des Inhalts der Website oder eines anderen Bestandteils der Website au\u00dferhalb dieses pers\u00f6nlichen und privaten Gebrauchs bedarf der vorherigen und schriftlichen Erlaubnis durch die Fondation Emile Mayrisch.\r\n\r\n&nbsp;\r\n<h2><strong>Zugang zur Website<\/strong><\/h2>\r\nDie Fondation Emile Mayrisch wacht \u00fcber die Zug\u00e4nglichkeit der Website. Die Fondation Emile Mayrisch \u00fcbernimmt jedoch keine Haftung f\u00fcr eine vor\u00fcbergehende Unzug\u00e4nglichkeit der Website aufgrund ihrer Wartung oder Verbesserung oder aufgrund technischer Ursachen, die sie nicht beeinflussen kann. Die Fondation Emile Mayrisch beh\u00e4lt sich das Recht vor, dem Nutzer jederzeit und ohne vorherige Ank\u00fcndigung den Zugang zur Website zu verweigern.\r\n\r\n&nbsp;\r\n<h1><strong>Datenschutz-Richtlinien<\/strong><\/h1>\r\n<h2>Ihre pers\u00f6nlichen Daten sind uns wichtig<\/h2>\r\nSie k\u00f6nnen hier unsere Hinweise zum Schutz personenbezogener Daten lesen:\r\n<h3>Allgemein<\/h3>\r\n<a href=\"http:\/\/link\">link<\/a>\r\n<h3>Patienten<\/h3>\r\n<a href=\"http:\/\/link\">link<\/a>\r\n\r\nFalls Sie Fragen zur Aus\u00fcbung Ihrer Rechte haben, k\u00f6nnen Sie sich direkt an die Leitung der Einrichtung oder an den Datenschutzbeauftragten der Fondation Emile Mayrisch \u2013 Croix-Rouge a.s.b.l. wenden, und zwar\r\n\r\nper E-Mail an:\u00a0<a href=\"mailto:dpo.rehabilitation@croix-rouge.lu\">dpo.rehabilitation@croix-rouge.lu<\/a>\r\n\r\noder postalisch an:\r\n\r\n<strong>Fondation Emile Mayrisch <\/strong>\r\nProtection des donn\u00e9es\r\n44, Boulevard Joseph II\r\nBP 404 L-2014 Luxemburg\r\n\r\n&nbsp;\r\n<h1><strong>Cookie-Richtlinien<\/strong><\/h1>\r\nDer Nutzer der Website rehabilitation.lu wird darauf hingewiesen, dass die Website w\u00e4hrend seiner Navigation auf der Website Cookies verwendet. Unten stehende Seite erkl\u00e4rt Ihnen, wie Cookies funktionieren und wie Sie letztere einstellen k\u00f6nnen.\r\n<h2>1. Was ist ein Cookie?<\/h2>\r\nEin Cookie ist eine kleine Textdatei, die Informationen enth\u00e4lt und auf dem Ger\u00e4t gespeichert wird, mit dem Sie die Website aufsuchen (Computer, Tablet, Smartphone).\r\n\r\n&nbsp;\r\n\r\nEin Cookie enth\u00e4lt mehrere Informationen:\r\n<ul>\r\n \t<li>eine Kennung in Form einer Zahlenfolge;<\/li>\r\n \t<li>den Namen des Servers, der das Cookie auf Ihrer Festplatte installiert hat;<\/li>\r\n \t<li>das L\u00f6schdatum oder die G\u00fcltigkeitsdauer der Datei;<\/li>\r\n \t<li>Informationen, die die Verbesserung Ihrer Navigation erlauben.<\/li>\r\n<\/ul>\r\n&nbsp;\r\n\r\nEs gibt zwei Arten von Cookies:\r\n<ul>\r\n \t<li>die Sitzungs-Cookies, die gel\u00f6scht werden, sobald Sie die Website verlassen;<\/li>\r\n \t<li>die permanenten Cookies, die bis zum Ablauf ihrer Lebensdauer oder ihrer manuellen L\u00f6schung auf Ihrer Festplatte bleiben.<\/li>\r\n<\/ul>\r\nBei Cookies handelt es sich weder um Spionage-Software noch um ein Virus und sie erm\u00f6glichen es auch nicht, Sie pers\u00f6nlich zu identifizieren. Der Webbrowser, mit dem Sie eine Website aufrufen, erm\u00f6glicht es Ihnen, Cookies zu akzeptieren oder abzulehnen (siehe unten).\r\n\r\n&nbsp;\r\n<h3>2. Wie kann man Cookies verwalten?<\/h3>\r\nSie haben die M\u00f6glichkeit, die Verwendung von Cookies \u00fcber den Men\u00fcpunkt \u201eEinstellungen\u201c Ihres Webbrowsers oder \u00fcber eine Plattform zur Verwaltung von Werbecookies zu akzeptieren, abzulehnen oder zu ver\u00e4ndern.","protected":false},"excerpt":{"rendered":"<p>Herausgeber, Webhosting, Eigent\u00fcmer Die Website www.rehabilitation.lu und ihr Inhalt sind Eigentum der Fondation Emile Mayrisch- Croix-Rouge a.s.b.l (nachfolgend\u00a0Fondation Emile Mayrisch genannt), mit Sitz in \u00a01, rue d\u2019Ell &#8211; L-8527 Colpach-Bas, Luxemburg Herausgeber ist Jean-Philippe Schmit, Direktor des Rehabilitations-Zentrums Schloss Colpach. Die Website wurde von der Agentur f\u00fcr Kommunikation VOUS mit Sitz in 68 Rue de [&hellip;]<\/p>\n","protected":false},"author":1,"featured_media":0,"parent":0,"menu_order":0,"comment_status":"closed","ping_status":"closed","template":"template-mentions-legales.php","meta":{"_acf_changed":false,"footnotes":""},"class_list":["post-414","page","type-page","status-publish","hentry"],"acf":[],"yoast_head":"<!-- This site is optimized with the Yoast SEO plugin v27.4 - https:\/\/yoast.com\/product\/yoast-seo-wordpress\/ -->\n<title>Impressum - Centre de R\u00e9habilitation physique et post-oncologique - Luxembourg<\/title>\n<meta name=\"robots\" content=\"index, follow, max-snippet:-1, max-image-preview:large, max-video-preview:-1\" \/>\n<link rel=\"canonical\" href=\"https:\/\/rehabilitation.lu\/de\/impressum\/\" \/>\n<meta property=\"og:locale\" content=\"de_DE\" \/>\n<meta property=\"og:type\" content=\"article\" \/>\n<meta property=\"og:title\" content=\"Impressum - Centre de R\u00e9habilitation physique et post-oncologique - Luxembourg\" \/>\n<meta property=\"og:description\" content=\"Herausgeber, Webhosting, Eigent\u00fcmer Die Website www.rehabilitation.lu und ihr Inhalt sind Eigentum der Fondation Emile Mayrisch- Croix-Rouge a.s.b.l (nachfolgend\u00a0Fondation Emile Mayrisch genannt), mit Sitz in \u00a01, rue d\u2019Ell &#8211; L-8527 Colpach-Bas, Luxemburg Herausgeber ist Jean-Philippe Schmit, Direktor des Rehabilitations-Zentrums Schloss Colpach. Die Website wurde von der Agentur f\u00fcr Kommunikation VOUS mit Sitz in 68 Rue de [&hellip;]\" \/>\n<meta property=\"og:url\" content=\"https:\/\/rehabilitation.lu\/de\/impressum\/\" \/>\n<meta property=\"og:site_name\" content=\"Centre de R\u00e9habilitation physique et post-oncologique - Luxembourg\" \/>\n<meta property=\"article:modified_time\" content=\"2023-07-20T14:32:30+00:00\" \/>\n<meta name=\"twitter:card\" content=\"summary_large_image\" \/>\n<meta name=\"twitter:label1\" content=\"Gesch\u00e4tzte Lesezeit\" \/>\n\t<meta name=\"twitter:data1\" content=\"4\u00a0Minuten\" \/>\n<script type=\"application\/ld+json\" class=\"yoast-schema-graph\">{\"@context\":\"https:\\\/\\\/schema.org\",\"@graph\":[{\"@type\":\"WebPage\",\"@id\":\"https:\\\/\\\/rehabilitation.lu\\\/de\\\/impressum\\\/\",\"url\":\"https:\\\/\\\/rehabilitation.lu\\\/de\\\/impressum\\\/\",\"name\":\"Impressum - Centre de R\u00e9habilitation physique et post-oncologique - Luxembourg\",\"isPartOf\":{\"@id\":\"https:\\\/\\\/rehabilitation.lu\\\/de\\\/#website\"},\"datePublished\":\"2020-10-22T13:53:40+00:00\",\"dateModified\":\"2023-07-20T14:32:30+00:00\",\"breadcrumb\":{\"@id\":\"https:\\\/\\\/rehabilitation.lu\\\/de\\\/impressum\\\/#breadcrumb\"},\"inLanguage\":\"de\",\"potentialAction\":[{\"@type\":\"ReadAction\",\"target\":[\"https:\\\/\\\/rehabilitation.lu\\\/de\\\/impressum\\\/\"]}]},{\"@type\":\"BreadcrumbList\",\"@id\":\"https:\\\/\\\/rehabilitation.lu\\\/de\\\/impressum\\\/#breadcrumb\",\"itemListElement\":[{\"@type\":\"ListItem\",\"position\":1,\"name\":\"Accueil\",\"item\":\"https:\\\/\\\/rehabilitation.lu\\\/de\\\/\"},{\"@type\":\"ListItem\",\"position\":2,\"name\":\"Impressum\"}]},{\"@type\":\"WebSite\",\"@id\":\"https:\\\/\\\/rehabilitation.lu\\\/de\\\/#website\",\"url\":\"https:\\\/\\\/rehabilitation.lu\\\/de\\\/\",\"name\":\"Centre de R\u00e9habilitation physique et post-oncologique - Luxembourg\",\"description\":\"Un site utilisant WordPress\",\"potentialAction\":[{\"@type\":\"SearchAction\",\"target\":{\"@type\":\"EntryPoint\",\"urlTemplate\":\"https:\\\/\\\/rehabilitation.lu\\\/de\\\/?s={search_term_string}\"},\"query-input\":{\"@type\":\"PropertyValueSpecification\",\"valueRequired\":true,\"valueName\":\"search_term_string\"}}],\"inLanguage\":\"de\"}]}<\/script>\n<!-- \/ Yoast SEO plugin. -->","yoast_head_json":{"title":"Impressum - Centre de R\u00e9habilitation physique et post-oncologique - Luxembourg","robots":{"index":"index","follow":"follow","max-snippet":"max-snippet:-1","max-image-preview":"max-image-preview:large","max-video-preview":"max-video-preview:-1"},"canonical":"https:\/\/rehabilitation.lu\/de\/impressum\/","og_locale":"de_DE","og_type":"article","og_title":"Impressum - Centre de R\u00e9habilitation physique et post-oncologique - Luxembourg","og_description":"Herausgeber, Webhosting, Eigent\u00fcmer Die Website www.rehabilitation.lu und ihr Inhalt sind Eigentum der Fondation Emile Mayrisch- Croix-Rouge a.s.b.l (nachfolgend\u00a0Fondation Emile Mayrisch genannt), mit Sitz in \u00a01, rue d\u2019Ell &#8211; L-8527 Colpach-Bas, Luxemburg Herausgeber ist Jean-Philippe Schmit, Direktor des Rehabilitations-Zentrums Schloss Colpach. Die Website wurde von der Agentur f\u00fcr Kommunikation VOUS mit Sitz in 68 Rue de [&hellip;]","og_url":"https:\/\/rehabilitation.lu\/de\/impressum\/","og_site_name":"Centre de R\u00e9habilitation physique et post-oncologique - Luxembourg","article_modified_time":"2023-07-20T14:32:30+00:00","twitter_card":"summary_large_image","twitter_misc":{"Gesch\u00e4tzte Lesezeit":"4\u00a0Minuten"},"schema":{"@context":"https:\/\/schema.org","@graph":[{"@type":"WebPage","@id":"https:\/\/rehabilitation.lu\/de\/impressum\/","url":"https:\/\/rehabilitation.lu\/de\/impressum\/","name":"Impressum - Centre de R\u00e9habilitation physique et post-oncologique - Luxembourg","isPartOf":{"@id":"https:\/\/rehabilitation.lu\/de\/#website"},"datePublished":"2020-10-22T13:53:40+00:00","dateModified":"2023-07-20T14:32:30+00:00","breadcrumb":{"@id":"https:\/\/rehabilitation.lu\/de\/impressum\/#breadcrumb"},"inLanguage":"de","potentialAction":[{"@type":"ReadAction","target":["https:\/\/rehabilitation.lu\/de\/impressum\/"]}]},{"@type":"BreadcrumbList","@id":"https:\/\/rehabilitation.lu\/de\/impressum\/#breadcrumb","itemListElement":[{"@type":"ListItem","position":1,"name":"Accueil","item":"https:\/\/rehabilitation.lu\/de\/"},{"@type":"ListItem","position":2,"name":"Impressum"}]},{"@type":"WebSite","@id":"https:\/\/rehabilitation.lu\/de\/#website","url":"https:\/\/rehabilitation.lu\/de\/","name":"Centre de R\u00e9habilitation physique et post-oncologique - Luxembourg","description":"Un site utilisant WordPress","potentialAction":[{"@type":"SearchAction","target":{"@type":"EntryPoint","urlTemplate":"https:\/\/rehabilitation.lu\/de\/?s={search_term_string}"},"query-input":{"@type":"PropertyValueSpecification","valueRequired":true,"valueName":"search_term_string"}}],"inLanguage":"de"}]}},"_links":{"self":[{"href":"https:\/\/rehabilitation.lu\/de\/wp-json\/wp\/v2\/pages\/414","targetHints":{"allow":["GET"]}}],"collection":[{"href":"https:\/\/rehabilitation.lu\/de\/wp-json\/wp\/v2\/pages"}],"about":[{"href":"https:\/\/rehabilitation.lu\/de\/wp-json\/wp\/v2\/types\/page"}],"author":[{"embeddable":true,"href":"https:\/\/rehabilitation.lu\/de\/wp-json\/wp\/v2\/users\/1"}],"replies":[{"embeddable":true,"href":"https:\/\/rehabilitation.lu\/de\/wp-json\/wp\/v2\/comments?post=414"}],"version-history":[{"count":14,"href":"https:\/\/rehabilitation.lu\/de\/wp-json\/wp\/v2\/pages\/414\/revisions"}],"predecessor-version":[{"id":1239,"href":"https:\/\/rehabilitation.lu\/de\/wp-json\/wp\/v2\/pages\/414\/revisions\/1239"}],"wp:attachment":[{"href":"https:\/\/rehabilitation.lu\/de\/wp-json\/wp\/v2\/media?parent=414"}],"curies":[{"name":"wp","href":"https:\/\/api.w.org\/{rel}","templated":true}]}}